{"id":11,"date":"2024-10-28T22:48:51","date_gmt":"2024-10-28T21:48:51","guid":{"rendered":"https:\/\/myjniasierakow.pl\/?page_id=11"},"modified":"2024-12-10T13:19:52","modified_gmt":"2024-12-10T12:19:52","slug":"booking","status":"publish","type":"page","link":"https:\/\/myjniasierakow.pl\/","title":{"rendered":"Rezerwacja Terminu"},"content":{"rendered":"\n<div class=\"wp-block-amelia-step-booking-gutenberg-block\">\n<script>\n  if (typeof hasAmeliaEntitiesApiCall === 'undefined' && '' === '') {\n    var hasAmeliaEntitiesApiCall = true;\n  }\n  var ameliaShortcodeData = (typeof ameliaShortcodeData === 'undefined') ? [] : ameliaShortcodeData;\n  ameliaShortcodeData.push(\n    {\n      'hasApiCall': (typeof hasAmeliaEntitiesApiCall !== 'undefined') && hasAmeliaEntitiesApiCall,\n      'trigger': '',\n      'trigger_type': '',\n      'triggered_form': 'sbsNew',\n      'in_dialog': '',\n      'show': '',\n      'counter': '1000',\n      'category': '',\n      'service': '',\n      'employee': '',\n      'location': '',\n      'package': ''\n    }\n  );\n\n  var ameliaShortcodeDataTriggered = (typeof ameliaShortcodeDataTriggered === 'undefined') ? [] : ameliaShortcodeDataTriggered;\n  if (ameliaShortcodeData[ameliaShortcodeData.length - 1].trigger !== '') {\n    if (ameliaShortcodeDataTriggered.filter(a => a.counter === ameliaShortcodeData[ameliaShortcodeData.length - 1].counter).length === 0) {\n      ameliaShortcodeDataTriggered.push(ameliaShortcodeData.pop());\n    } else {\n      ameliaShortcodeData.pop()\n    }\n  }\n  if (typeof hasAmeliaEntitiesApiCall !== 'undefined' && hasAmeliaEntitiesApiCall) {\n    hasAmeliaEntitiesApiCall = false;\n  }\n<\/script>\n\n<div\n  id=\"amelia-v2-booking-1000\"\n  class=\"amelia-v2-booking\"\n >\n    <step-form-wrapper><\/step-form-wrapper><\/div>\n<\/div>\n\n\n\n<p>Dokonuj\u0105c rezerwacji na naszej stronie, wyra\u017casz zgod\u0119 na przetwarzanie swoich danych osobowych w celu potwierdzenia rezerwacji oraz zapisania terminu. Administratorem Twoich danych osobowych jest B\u0142ysk Beata Spycha\u0142a z siedzib\u0105 na ul. Ogrodowa 11, 64-410 Sierak\u00f3w o numerze NIP: 7871018024<\/p>\n\n\n\n<div style=\"height:48px\" aria-hidden=\"true\" class=\"wp-block-spacer\"><\/div>\n\n\n\n<div class=\"wp-block-media-text alignwide is-stacked-on-mobile\" style=\"grid-template-columns:36% auto\"><figure class=\"wp-block-media-text__media\"><img loading=\"lazy\" decoding=\"async\" width=\"500\" height=\"500\" src=\"https:\/\/myjniasierakow.pl\/wp-content\/uploads\/2024\/11\/Mycie-zewnetrzne-zwykle.png\" alt=\"\" class=\"wp-image-18 size-full\" srcset=\"https:\/\/myjniasierakow.pl\/wp-content\/uploads\/2024\/11\/Mycie-zewnetrzne-zwykle.png 500w, https:\/\/myjniasierakow.pl\/wp-content\/uploads\/2024\/11\/Mycie-zewnetrzne-zwykle-300x300.png 300w, https:\/\/myjniasierakow.pl\/wp-content\/uploads\/2024\/11\/Mycie-zewnetrzne-zwykle-150x150.png 150w\" sizes=\"auto, (max-width: 500px) 100vw, 500px\" \/><\/figure><div class=\"wp-block-media-text__content\">\n<h2 class=\"wp-block-heading\"><strong>Mycie zewn\u0119trzne zwyk\u0142e<\/strong><\/h2>\n\n\n\n<p>Potrzebujesz szybkiego i dok\u0142adnego od\u015bwie\u017cenia swojego samochodu? Skorzystaj z us\u0142ugi mycia zewn\u0119trznego w naszej myjni w Sierakowie! Gwarantujemy precyzyjne usuni\u0119cie kurzu, b\u0142ota i innych zabrudze\u0144, kt\u00f3re gromadz\u0105 si\u0119 na karoserii ka\u017cdego dnia. Dzi\u0119ki specjalistycznym \u015brodkom czyszcz\u0105cym oraz profesjonalnej obs\u0142udze Tw\u00f3j pojazd odzyska blask i \u015bwie\u017co\u015b\u0107. Zapewniamy delikatne podej\u015bcie do lakieru, dzi\u0119ki czemu Tw\u00f3j samoch\u00f3d zawsze b\u0119dzie wygl\u0105da\u0142 jak nowy!<\/p>\n<\/div><\/div>\n\n\n\n<div style=\"height:32px\" aria-hidden=\"true\" class=\"wp-block-spacer\"><\/div>\n\n\n\n<div class=\"wp-block-media-text alignwide has-media-on-the-right is-stacked-on-mobile\" style=\"grid-template-columns:auto 40%\"><div class=\"wp-block-media-text__content\">\n<h2 class=\"wp-block-heading\"><strong>Mycie + woskowanie + suszenie<\/strong><\/h2>\n\n\n\n<p>Dla kierowc\u00f3w, kt\u00f3rzy chc\u0105 czego\u015b wi\u0119cej ni\u017c standardowe mycie, przygotowali\u015bmy pakiet mycie + woskowanie + suszenie! Nasza us\u0142uga to nie tylko czysty samoch\u00f3d, ale tak\u017ce dodatkowa ochrona lakieru. Specjalistyczny wosk tworzy warstw\u0119 zabezpieczaj\u0105c\u0105, chroni\u0105c\u0105 przed zanieczyszczeniami i nadaj\u0105c\u0105 g\u0142\u0119boki po\u0142ysk. Po dok\u0142adnym osuszeniu Tw\u00f3j pojazd b\u0119dzie wygl\u0105da\u0142 estetycznie i profesjonalnie. Przyjed\u017a do Sierakowa i spraw, by Tw\u00f3j samoch\u00f3d wygl\u0105da\u0142 wyj\u0105tkowo!<\/p>\n<\/div><figure class=\"wp-block-media-text__media\"><img loading=\"lazy\" decoding=\"async\" width=\"500\" height=\"500\" src=\"https:\/\/myjniasierakow.pl\/wp-content\/uploads\/2024\/11\/woskowanie.png\" alt=\"\" class=\"wp-image-19 size-full\" srcset=\"https:\/\/myjniasierakow.pl\/wp-content\/uploads\/2024\/11\/woskowanie.png 500w, https:\/\/myjniasierakow.pl\/wp-content\/uploads\/2024\/11\/woskowanie-300x300.png 300w, https:\/\/myjniasierakow.pl\/wp-content\/uploads\/2024\/11\/woskowanie-150x150.png 150w\" sizes=\"auto, (max-width: 500px) 100vw, 500px\" \/><\/figure><\/div>\n\n\n\n<div class=\"wp-block-media-text alignwide is-stacked-on-mobile\" style=\"grid-template-columns:35% auto\"><figure class=\"wp-block-media-text__media\"><img loading=\"lazy\" decoding=\"async\" width=\"500\" height=\"500\" src=\"https:\/\/myjniasierakow.pl\/wp-content\/uploads\/2024\/11\/odkurzanie.png\" alt=\"\" class=\"wp-image-20 size-full\" srcset=\"https:\/\/myjniasierakow.pl\/wp-content\/uploads\/2024\/11\/odkurzanie.png 500w, https:\/\/myjniasierakow.pl\/wp-content\/uploads\/2024\/11\/odkurzanie-300x300.png 300w, https:\/\/myjniasierakow.pl\/wp-content\/uploads\/2024\/11\/odkurzanie-150x150.png 150w\" sizes=\"auto, (max-width: 500px) 100vw, 500px\" \/><\/figure><div class=\"wp-block-media-text__content\">\n<h2 class=\"wp-block-heading\">Mycie + woskowanie + suszenie + odkurzanie<\/h2>\n\n\n\n<p>Zadbaj o sw\u00f3j samoch\u00f3d zar\u00f3wno na zewn\u0105trz, jak i wewn\u0105trz! Wybierz kompleksowy pakiet mycie + woskowanie + suszenie + odkurzanie i ciesz si\u0119 pe\u0142nym od\u015bwie\u017ceniem. Po dok\u0142adnym oczyszczeniu karoserii oraz zabezpieczeniu jej woskiem, przejdziemy do wn\u0119trza, gdzie odkurzymy ka\u017cdy zakamarek. Dzi\u0119ki temu wn\u0119trze samochodu b\u0119dzie schludne i przyjemne. Nasz zesp\u00f3\u0142 w Sierakowie zadba o to, by Tw\u00f3j pojazd prezentowa\u0142 si\u0119 idealnie pod ka\u017cdym wzgl\u0119dem.<\/p>\n<\/div><\/div>\n\n\n\n<div class=\"wp-block-media-text alignwide has-media-on-the-right is-stacked-on-mobile\" style=\"grid-template-columns:auto 31%\"><div class=\"wp-block-media-text__content\">\n<h2 class=\"wp-block-heading\"><strong>Komplet (mycie + woskowanie + suszenie + szyby + kokpit)<\/strong><\/h2>\n\n\n\n<p>Szukasz kompleksowej piel\u0119gnacji samochodu? Wybierz pakiet Komplet i pozw\u00f3l nam zadba\u0107 o Tw\u00f3j pojazd od A do Z! Myjemy, woskujemy, suszymy, czy\u015bcimy szyby oraz piel\u0119gnujemy kokpit. Efekt? Idealnie czysta karoseria, krystalicznie przejrzyste szyby i schludne, \u015bwie\u017ce wn\u0119trze. Dzi\u0119ki naszym \u015brodkom ochronnym i dba\u0142o\u015bci o detale Tw\u00f3j samoch\u00f3d b\u0119dzie wygl\u0105da\u0142 jak z salonu. Odwied\u017a nasz\u0105 myjni\u0119 w Sierakowie i poczuj r\u00f3\u017cnic\u0119 w jako\u015bci us\u0142ug!<\/p>\n<\/div><figure class=\"wp-block-media-text__media\"><img loading=\"lazy\" decoding=\"async\" width=\"500\" height=\"500\" src=\"https:\/\/myjniasierakow.pl\/wp-content\/uploads\/2024\/11\/komplet.png\" alt=\"\" class=\"wp-image-21 size-full\" srcset=\"https:\/\/myjniasierakow.pl\/wp-content\/uploads\/2024\/11\/komplet.png 500w, https:\/\/myjniasierakow.pl\/wp-content\/uploads\/2024\/11\/komplet-300x300.png 300w, https:\/\/myjniasierakow.pl\/wp-content\/uploads\/2024\/11\/komplet-150x150.png 150w\" sizes=\"auto, (max-width: 500px) 100vw, 500px\" \/><\/figure><\/div>\n","protected":false},"excerpt":{"rendered":"<p>Dokonuj\u0105c rezerwacji na naszej stronie, wyra\u017casz zgod\u0119 na przetwarzanie swoich danych osobowych w celu potwierdzenia rezerwacji oraz zapisania terminu. Administratorem Twoich danych osobowych jest B\u0142ysk Beata Spycha\u0142a z siedzib\u0105 na ul. Ogrodowa 11, 64-410 Sierak\u00f3w o numerze NIP: 7871018024 Mycie zewn\u0119trzne zwyk\u0142e Potrzebujesz szybkiego i dok\u0142adnego od\u015bwie\u017cenia swojego samochodu? Skorzystaj z us\u0142ugi mycia zewn\u0119trznego w [&hellip;]<\/p>\n","protected":false},"author":1,"featured_media":0,"parent":0,"menu_order":0,"comment_status":"closed","ping_status":"closed","template":"","meta":{"footnotes":""},"class_list":["post-11","page","type-page","status-publish","hentry"],"_links":{"self":[{"href":"https:\/\/myjniasierakow.pl\/index.php?rest_route=\/wp\/v2\/pages\/11","targetHints":{"allow":["GET"]}}],"collection":[{"href":"https:\/\/myjniasierakow.pl\/index.php?rest_route=\/wp\/v2\/pages"}],"about":[{"href":"https:\/\/myjniasierakow.pl\/index.php?rest_route=\/wp\/v2\/types\/page"}],"author":[{"embeddable":true,"href":"https:\/\/myjniasierakow.pl\/index.php?rest_route=\/wp\/v2\/users\/1"}],"replies":[{"embeddable":true,"href":"https:\/\/myjniasierakow.pl\/index.php?rest_route=%2Fwp%2Fv2%2Fcomments&post=11"}],"version-history":[{"count":5,"href":"https:\/\/myjniasierakow.pl\/index.php?rest_route=\/wp\/v2\/pages\/11\/revisions"}],"predecessor-version":[{"id":31,"href":"https:\/\/myjniasierakow.pl\/index.php?rest_route=\/wp\/v2\/pages\/11\/revisions\/31"}],"wp:attachment":[{"href":"https:\/\/myjniasierakow.pl\/index.php?rest_route=%2Fwp%2Fv2%2Fmedia&parent=11"}],"curies":[{"name":"wp","href":"https:\/\/api.w.org\/{rel}","templated":true}]}}